{"id":674,"date":"2025-12-10T18:02:57","date_gmt":"2025-12-10T10:02:57","guid":{"rendered":"https:\/\/poultryequipmentmanufacturers.com\/?page_id=674"},"modified":"2026-02-24T14:17:11","modified_gmt":"2026-02-24T06:17:11","slug":"giai-phap-ket-cau-thep-cho-nha-chan-nuoi-gia-cam","status":"publish","type":"page","link":"https:\/\/poultryequipmentmanufacturers.com\/vi\/giai-phap-ket-cau-thep-cho-nha-chan-nuoi-gia-cam\/","title":{"rendered":"Nh\u00e0 ch\u0103n nu\u00f4i gia c\u1ea7m &amp; C\u00f4ng tr\u00ecnh k\u1ebft c\u1ea5u th\u00e9p"},"content":{"rendered":"","protected":false},"excerpt":{"rendered":"","protected":false},"author":1,"featured_media":906,"parent":0,"menu_order":11,"comment_status":"closed","ping_status":"closed","template":"catalog-details.php","meta":{"_acf_changed":false,"footnotes":""},"class_list":["post-674","page","type-page","status-publish","has-post-thumbnail","hentry"],"acf":[],"_links":{"self":[{"href":"https:\/\/poultryequipmentmanufacturers.com\/vi\/wp-json\/wp\/v2\/pages\/674","targetHints":{"allow":["GET"]}}],"collection":[{"href":"https:\/\/poultryequipmentmanufacturers.com\/vi\/wp-json\/wp\/v2\/pages"}],"about":[{"href":"https:\/\/poultryequipmentmanufacturers.com\/vi\/wp-json\/wp\/v2\/types\/page"}],"author":[{"embeddable":true,"href":"https:\/\/poultryequipmentmanufacturers.com\/vi\/wp-json\/wp\/v2\/users\/1"}],"replies":[{"embeddable":true,"href":"https:\/\/poultryequipmentmanufacturers.com\/vi\/wp-json\/wp\/v2\/comments?post=674"}],"version-history":[{"count":9,"href":"https:\/\/poultryequipmentmanufacturers.com\/vi\/wp-json\/wp\/v2\/pages\/674\/revisions"}],"predecessor-version":[{"id":1785,"href":"https:\/\/poultryequipmentmanufacturers.com\/vi\/wp-json\/wp\/v2\/pages\/674\/revisions\/1785"}],"wp:featuredmedia":[{"embeddable":true,"href":"https:\/\/poultryequipmentmanufacturers.com\/vi\/wp-json\/wp\/v2\/media\/906"}],"wp:attachment":[{"href":"https:\/\/poultryequipmentmanufacturers.com\/vi\/wp-json\/wp\/v2\/media?parent=674"}],"curies":[{"name":"wp","href":"https:\/\/api.w.org\/{rel}","templated":true}]}}